{"id":118366,"date":"2017-02-21T12:41:44","date_gmt":"2017-02-21T11:41:44","guid":{"rendered":"https:\/\/rr-szklo.pl\/?page_id=118366"},"modified":"2017-03-07T11:49:23","modified_gmt":"2017-03-07T10:49:23","slug":"oferta","status":"publish","type":"page","link":"https:\/\/rr-szklo.pl\/index.php\/oferta\/","title":{"rendered":"OFERTA"},"content":{"rendered":"<p>[et_pb_section admin_label=&#8221;section&#8221; transparent_background=&#8221;off&#8221; background_color=&#8221;#ff007f&#8221; allow_player_pause=&#8221;off&#8221; inner_shadow=&#8221;on&#8221; parallax=&#8221;off&#8221; parallax_method=&#8221;on&#8221; custom_padding=&#8221;|||&#8221; padding_mobile=&#8221;off&#8221; make_fullwidth=&#8221;off&#8221; use_custom_width=&#8221;off&#8221; width_unit=&#8221;off&#8221; make_equal=&#8221;off&#8221; use_custom_gutter=&#8221;off&#8221; fullwidth=&#8221;off&#8221; specialty=&#8221;off&#8221; disabled=&#8221;off&#8221; background_image=&#8221;https:\/\/rr-szklo.pl\/wp-content\/uploads\/2017\/02\/architecture-1835325_1920.jpg&#8221; custom_css_after=&#8221;background-color: rgba(0,0,0,0.5);||content: %22%22;||top: 0;||left: 0;||bottom: 0;||right: 0;||position: absolute;||z-index: 1;&#8221;][et_pb_row admin_label=&#8221;row&#8221; make_fullwidth=&#8221;off&#8221; use_custom_width=&#8221;off&#8221; width_unit=&#8221;off&#8221; use_custom_gutter=&#8221;off&#8221; padding_mobile=&#8221;off&#8221; allow_player_pause=&#8221;off&#8221; parallax=&#8221;off&#8221; parallax_method=&#8221;on&#8221; make_equal=&#8221;off&#8221; column_padding_mobile=&#8221;on&#8221; parallax_1=&#8221;off&#8221; parallax_method_1=&#8221;on&#8221; parallax_2=&#8221;off&#8221; parallax_method_2=&#8221;on&#8221; parallax_3=&#8221;off&#8221; parallax_method_3=&#8221;on&#8221; parallax_4=&#8221;off&#8221; parallax_method_4=&#8221;on&#8221; disabled=&#8221;off&#8221; custom_css_main_element=&#8221;z-index: 2;||position: relative;&#8221;][et_pb_column type=&#8221;4_4&#8243;][et_pb_text admin_label=&#8221;Text&#8221; background_layout=&#8221;dark&#8221; text_orientation=&#8221;center&#8221; use_border_color=&#8221;off&#8221; border_style=&#8221;solid&#8221; disabled=&#8221;off&#8221; border_color=&#8221;#ffffff&#8221; header_font=&#8221;Open Sans|on||on|&#8221; header_font_size=&#8221;40px&#8221; text_font=&#8221;Open Sans|on||on|&#8221; text_font_size=&#8221;30&#8243;]<\/p>\n<h1>OFERTA<\/h1>\n<p>[\/et_pb_text][\/et_pb_column][\/et_pb_row][\/et_pb_section][et_pb_section admin_label=&#8221;Section&#8221; transparent_background=&#8221;off&#8221; allow_player_pause=&#8221;off&#8221; inner_shadow=&#8221;off&#8221; parallax=&#8221;off&#8221; parallax_method=&#8221;on&#8221; padding_mobile=&#8221;off&#8221; make_fullwidth=&#8221;off&#8221; use_custom_width=&#8221;off&#8221; width_unit=&#8221;off&#8221; custom_width_px=&#8221;1080px&#8221; custom_width_percent=&#8221;80%&#8221; make_equal=&#8221;off&#8221; use_custom_gutter=&#8221;off&#8221; fullwidth=&#8221;off&#8221; specialty=&#8221;off&#8221; disabled=&#8221;off&#8221;][et_pb_row admin_label=&#8221;Row&#8221; make_fullwidth=&#8221;off&#8221; use_custom_width=&#8221;off&#8221; width_unit=&#8221;off&#8221; custom_width_px=&#8221;1080px&#8221; custom_width_percent=&#8221;80%&#8221; use_custom_gutter=&#8221;off&#8221; gutter_width=&#8221;3&#8243; padding_mobile=&#8221;off&#8221; allow_player_pause=&#8221;off&#8221; parallax=&#8221;off&#8221; parallax_method=&#8221;on&#8221; make_equal=&#8221;off&#8221; column_padding_mobile=&#8221;on&#8221; parallax_1=&#8221;off&#8221; parallax_method_1=&#8221;on&#8221; parallax_2=&#8221;off&#8221; parallax_method_2=&#8221;on&#8221; parallax_3=&#8221;off&#8221; parallax_method_3=&#8221;on&#8221; parallax_4=&#8221;off&#8221; parallax_method_4=&#8221;on&#8221; disabled=&#8221;off&#8221;][et_pb_column type=&#8221;1_2&#8243;][et_pb_text admin_label=&#8221;Tekst&#8221; background_layout=&#8221;light&#8221; text_orientation=&#8221;center&#8221; header_font=&#8221;|on|||&#8221; header_font_size=&#8221;22px&#8221; header_text_color=&#8221;#4cb7ff&#8221; use_border_color=&#8221;off&#8221; border_color=&#8221;#ffffff&#8221; border_style=&#8221;solid&#8221; custom_margin=&#8221;||30px|&#8221;]<\/p>\n<h1>Rodzaje Szk\u0142a<\/h1>\n<p>[\/et_pb_text][et_pb_blurb admin_label=&#8221;Blurb&#8221; title=&#8221;Lustra srebrne oraz kolorowe&#8221; url_new_window=&#8221;off&#8221; use_icon=&#8221;on&#8221; font_icon=&#8221;%%45%%&#8221; icon_color=&#8221;#4cb7ff&#8221; use_circle=&#8221;off&#8221; circle_color=&#8221;#7EBEC5&#8243; use_circle_border=&#8221;off&#8221; circle_border_color=&#8221;#7EBEC5&#8243; image=&#8221;https:\/\/rr-szklo.pl\/wp-content\/uploads\/2017\/02\/yoga-1.png&#8221; icon_placement=&#8221;left&#8221; animation=&#8221;top&#8221; background_layout=&#8221;light&#8221; text_orientation=&#8221;center&#8221; use_icon_font_size=&#8221;on&#8221; icon_font_size=&#8221;45px&#8221; module_class=&#8221;myblurb&#8221; header_text_color=&#8221;#4cb7ff&#8221; background_color=&#8221;#ffffff&#8221; use_border_color=&#8221;on&#8221; border_color=&#8221;#ffffff&#8221; border_style=&#8221;solid&#8221; disabled=&#8221;off&#8221; saved_tabs=&#8221;all&#8221; custom_margin=&#8221;||0px|&#8221;]<\/p>\n<p>[\/et_pb_blurb][et_pb_blurb admin_label=&#8221;szk\u0142o bezbarwne&#8221; title=&#8221;Szk\u0142o bezbarwne&#8221; url_new_window=&#8221;off&#8221; use_icon=&#8221;on&#8221; font_icon=&#8221;%%45%%&#8221; icon_color=&#8221;#4cb7ff&#8221; use_circle=&#8221;off&#8221; circle_color=&#8221;#7EBEC5&#8243; use_circle_border=&#8221;off&#8221; circle_border_color=&#8221;#7EBEC5&#8243; image=&#8221;https:\/\/rr-szklo.pl\/wp-content\/uploads\/2017\/02\/yoga-1.png&#8221; icon_placement=&#8221;left&#8221; animation=&#8221;top&#8221; background_layout=&#8221;light&#8221; text_orientation=&#8221;center&#8221; use_icon_font_size=&#8221;on&#8221; icon_font_size=&#8221;45px&#8221; module_class=&#8221;myblurb&#8221; header_text_color=&#8221;#4cb7ff&#8221; background_color=&#8221;#ffffff&#8221; use_border_color=&#8221;on&#8221; border_color=&#8221;#ffffff&#8221; border_style=&#8221;solid&#8221; disabled=&#8221;off&#8221; saved_tabs=&#8221;all&#8221; custom_margin=&#8221;||0px|&#8221;]<\/p>\n<p>[\/et_pb_blurb][et_pb_blurb admin_label=&#8221;Opti white&#8221; title=&#8221;Opti white&#8221; url_new_window=&#8221;off&#8221; use_icon=&#8221;on&#8221; font_icon=&#8221;%%45%%&#8221; icon_color=&#8221;#4cb7ff&#8221; use_circle=&#8221;off&#8221; circle_color=&#8221;#7EBEC5&#8243; use_circle_border=&#8221;off&#8221; circle_border_color=&#8221;#7EBEC5&#8243; image=&#8221;https:\/\/rr-szklo.pl\/wp-content\/uploads\/2017\/02\/yoga-1.png&#8221; icon_placement=&#8221;left&#8221; animation=&#8221;top&#8221; background_layout=&#8221;light&#8221; text_orientation=&#8221;center&#8221; use_icon_font_size=&#8221;on&#8221; icon_font_size=&#8221;45px&#8221; module_class=&#8221;myblurb&#8221; header_text_color=&#8221;#4cb7ff&#8221; background_color=&#8221;#ffffff&#8221; use_border_color=&#8221;on&#8221; border_color=&#8221;#ffffff&#8221; border_style=&#8221;solid&#8221; disabled=&#8221;off&#8221; saved_tabs=&#8221;all&#8221; custom_margin=&#8221;||0px|&#8221;]<\/p>\n<p>[\/et_pb_blurb][et_pb_blurb admin_label=&#8221;Satyna&#8221; title=&#8221;Satyna&#8221; url_new_window=&#8221;off&#8221; use_icon=&#8221;on&#8221; font_icon=&#8221;%%45%%&#8221; icon_color=&#8221;#4cb7ff&#8221; use_circle=&#8221;off&#8221; circle_color=&#8221;#7EBEC5&#8243; use_circle_border=&#8221;off&#8221; circle_border_color=&#8221;#7EBEC5&#8243; image=&#8221;https:\/\/rr-szklo.pl\/wp-content\/uploads\/2017\/02\/yoga-1.png&#8221; icon_placement=&#8221;left&#8221; animation=&#8221;top&#8221; background_layout=&#8221;light&#8221; text_orientation=&#8221;center&#8221; use_icon_font_size=&#8221;on&#8221; icon_font_size=&#8221;45px&#8221; module_class=&#8221;myblurb&#8221; header_text_color=&#8221;#4cb7ff&#8221; background_color=&#8221;#ffffff&#8221; use_border_color=&#8221;on&#8221; border_color=&#8221;#ffffff&#8221; border_style=&#8221;solid&#8221; disabled=&#8221;off&#8221; saved_tabs=&#8221;all&#8221; custom_margin=&#8221;||0px|&#8221;]<\/p>\n<p>[\/et_pb_blurb][et_pb_blurb admin_label=&#8221;Antisol  (br\u0105z, czer\u0144, grafit)&#8221; title=&#8221;Antisol  (br\u0105z, czer\u0144, grafit)&#8221; url_new_window=&#8221;off&#8221; use_icon=&#8221;on&#8221; font_icon=&#8221;%%45%%&#8221; icon_color=&#8221;#4cb7ff&#8221; use_circle=&#8221;off&#8221; circle_color=&#8221;#7EBEC5&#8243; use_circle_border=&#8221;off&#8221; circle_border_color=&#8221;#7EBEC5&#8243; image=&#8221;https:\/\/rr-szklo.pl\/wp-content\/uploads\/2017\/02\/yoga-1.png&#8221; icon_placement=&#8221;left&#8221; animation=&#8221;top&#8221; background_layout=&#8221;light&#8221; text_orientation=&#8221;center&#8221; use_icon_font_size=&#8221;on&#8221; icon_font_size=&#8221;45px&#8221; module_class=&#8221;myblurb&#8221; header_text_color=&#8221;#4cb7ff&#8221; background_color=&#8221;#ffffff&#8221; use_border_color=&#8221;on&#8221; border_color=&#8221;#ffffff&#8221; border_style=&#8221;solid&#8221; disabled=&#8221;off&#8221; saved_tabs=&#8221;all&#8221; custom_margin=&#8221;||0px|&#8221;]<\/p>\n<p>[\/et_pb_blurb][et_pb_blurb admin_label=&#8221;Szk\u0142o zbrojone&#8221; title=&#8221;Szk\u0142o zbrojone&#8221; url_new_window=&#8221;off&#8221; use_icon=&#8221;on&#8221; font_icon=&#8221;%%45%%&#8221; icon_color=&#8221;#4cb7ff&#8221; use_circle=&#8221;off&#8221; circle_color=&#8221;#7EBEC5&#8243; use_circle_border=&#8221;off&#8221; circle_border_color=&#8221;#7EBEC5&#8243; image=&#8221;https:\/\/rr-szklo.pl\/wp-content\/uploads\/2017\/02\/yoga-1.png&#8221; icon_placement=&#8221;left&#8221; animation=&#8221;top&#8221; background_layout=&#8221;light&#8221; text_orientation=&#8221;center&#8221; use_icon_font_size=&#8221;on&#8221; icon_font_size=&#8221;45px&#8221; module_class=&#8221;myblurb&#8221; header_text_color=&#8221;#4cb7ff&#8221; background_color=&#8221;#ffffff&#8221; use_border_color=&#8221;on&#8221; border_color=&#8221;#ffffff&#8221; border_style=&#8221;solid&#8221; disabled=&#8221;off&#8221; saved_tabs=&#8221;all&#8221; custom_margin=&#8221;||0px|&#8221;]<\/p>\n<p>[\/et_pb_blurb][\/et_pb_column][et_pb_column type=&#8221;1_2&#8243;][et_pb_image admin_label=&#8221;Image&#8221; src=&#8221;https:\/\/rr-szklo.pl\/wp-content\/uploads\/2017\/02\/architecture-1868547_1280.jpg&#8221; show_in_lightbox=&#8221;off&#8221; url_new_window=&#8221;off&#8221; use_overlay=&#8221;off&#8221; animation=&#8221;off&#8221; sticky=&#8221;off&#8221; align=&#8221;left&#8221; force_fullwidth=&#8221;off&#8221; always_center_on_mobile=&#8221;on&#8221; use_border_color=&#8221;off&#8221; border_color=&#8221;#ffffff&#8221; border_style=&#8221;solid&#8221; custom_margin=&#8221;|0px||&#8221; custom_margin_last_edited=&#8221;on|phone&#8221; disabled=&#8221;off&#8221;]<\/p>\n<p>[\/et_pb_image][\/et_pb_column][\/et_pb_row][et_pb_row admin_label=&#8221;Row&#8221; make_fullwidth=&#8221;off&#8221; use_custom_width=&#8221;off&#8221; width_unit=&#8221;off&#8221; custom_width_px=&#8221;1080px&#8221; custom_width_percent=&#8221;80%&#8221; use_custom_gutter=&#8221;off&#8221; gutter_width=&#8221;3&#8243; padding_mobile=&#8221;off&#8221; allow_player_pause=&#8221;off&#8221; parallax=&#8221;off&#8221; parallax_method=&#8221;on&#8221; make_equal=&#8221;off&#8221; column_padding_mobile=&#8221;on&#8221; parallax_1=&#8221;off&#8221; parallax_method_1=&#8221;on&#8221; parallax_2=&#8221;off&#8221; parallax_method_2=&#8221;on&#8221; parallax_3=&#8221;off&#8221; parallax_method_3=&#8221;on&#8221; parallax_4=&#8221;off&#8221; parallax_method_4=&#8221;on&#8221; disabled=&#8221;off&#8221;][et_pb_column type=&#8221;4_4&#8243;][et_pb_divider admin_label=&#8221;Divider&#8221; color=&#8221;#4cb7ff&#8221; show_divider=&#8221;on&#8221; divider_style=&#8221;solid&#8221; divider_position=&#8221;top&#8221; hide_on_mobile=&#8221;off&#8221; disabled=&#8221;off&#8221;]<\/p>\n<p>[\/et_pb_divider][\/et_pb_column][\/et_pb_row][et_pb_row admin_label=&#8221;Row&#8221; make_fullwidth=&#8221;off&#8221; use_custom_width=&#8221;off&#8221; width_unit=&#8221;off&#8221; custom_width_px=&#8221;1080px&#8221; custom_width_percent=&#8221;80%&#8221; use_custom_gutter=&#8221;off&#8221; gutter_width=&#8221;3&#8243; padding_mobile=&#8221;off&#8221; allow_player_pause=&#8221;off&#8221; parallax=&#8221;off&#8221; parallax_method=&#8221;on&#8221; make_equal=&#8221;off&#8221; column_padding_mobile=&#8221;on&#8221; parallax_1=&#8221;off&#8221; parallax_method_1=&#8221;on&#8221; parallax_2=&#8221;off&#8221; parallax_method_2=&#8221;on&#8221; parallax_3=&#8221;off&#8221; parallax_method_3=&#8221;on&#8221; parallax_4=&#8221;off&#8221; parallax_method_4=&#8221;on&#8221; disabled=&#8221;off&#8221;][et_pb_column type=&#8221;1_2&#8243;][et_pb_image admin_label=&#8221;Image&#8221; src=&#8221;https:\/\/rr-szklo.pl\/wp-content\/uploads\/2017\/02\/glass-1818065_1920.jpg&#8221; show_in_lightbox=&#8221;off&#8221; url_new_window=&#8221;off&#8221; use_overlay=&#8221;off&#8221; animation=&#8221;off&#8221; sticky=&#8221;off&#8221; align=&#8221;left&#8221; force_fullwidth=&#8221;off&#8221; always_center_on_mobile=&#8221;on&#8221; use_border_color=&#8221;off&#8221; border_color=&#8221;#ffffff&#8221; border_style=&#8221;solid&#8221; custom_margin=&#8221;|0px||&#8221; custom_margin_last_edited=&#8221;on|phone&#8221; disabled=&#8221;off&#8221;]<\/p>\n<p>[\/et_pb_image][\/et_pb_column][et_pb_column type=&#8221;1_2&#8243;][et_pb_text admin_label=&#8221;Tekst&#8221; background_layout=&#8221;light&#8221; text_orientation=&#8221;center&#8221; header_font=&#8221;|on|||&#8221; header_font_size=&#8221;22px&#8221; header_text_color=&#8221;#4cb7ff&#8221; use_border_color=&#8221;off&#8221; border_color=&#8221;#ffffff&#8221; border_style=&#8221;solid&#8221; custom_margin=&#8221;||30px|&#8221;]<\/p>\n<h1>Wykonujemy<\/h1>\n<p>[\/et_pb_text][et_pb_blurb admin_label=&#8221;Grafika na szkle&#8221; title=&#8221;Grafika na szkle&#8221; url_new_window=&#8221;off&#8221; use_icon=&#8221;on&#8221; font_icon=&#8221;%%45%%&#8221; icon_color=&#8221;#4cb7ff&#8221; use_circle=&#8221;off&#8221; circle_color=&#8221;#7EBEC5&#8243; use_circle_border=&#8221;off&#8221; circle_border_color=&#8221;#7EBEC5&#8243; image=&#8221;https:\/\/rr-szklo.pl\/wp-content\/uploads\/2017\/02\/yoga-1.png&#8221; icon_placement=&#8221;left&#8221; animation=&#8221;top&#8221; background_layout=&#8221;light&#8221; text_orientation=&#8221;center&#8221; use_icon_font_size=&#8221;on&#8221; icon_font_size=&#8221;45px&#8221; module_class=&#8221;myblurb&#8221; header_text_color=&#8221;#4cb7ff&#8221; background_color=&#8221;#ffffff&#8221; use_border_color=&#8221;on&#8221; border_color=&#8221;#ffffff&#8221; border_style=&#8221;solid&#8221; disabled=&#8221;off&#8221; saved_tabs=&#8221;all&#8221; custom_margin=&#8221;||0px|&#8221;]<\/p>\n<p>[\/et_pb_blurb][et_pb_blurb admin_label=&#8221;Szk\u0142o lakierowane&#8221; title=&#8221;Szk\u0142o lakierowane&#8221; url_new_window=&#8221;off&#8221; use_icon=&#8221;on&#8221; font_icon=&#8221;%%45%%&#8221; icon_color=&#8221;#4cb7ff&#8221; use_circle=&#8221;off&#8221; circle_color=&#8221;#7EBEC5&#8243; use_circle_border=&#8221;off&#8221; circle_border_color=&#8221;#7EBEC5&#8243; image=&#8221;https:\/\/rr-szklo.pl\/wp-content\/uploads\/2017\/02\/yoga-1.png&#8221; icon_placement=&#8221;left&#8221; animation=&#8221;top&#8221; background_layout=&#8221;light&#8221; text_orientation=&#8221;center&#8221; use_icon_font_size=&#8221;on&#8221; icon_font_size=&#8221;45px&#8221; module_class=&#8221;myblurb&#8221; header_text_color=&#8221;#4cb7ff&#8221; background_color=&#8221;#ffffff&#8221; use_border_color=&#8221;on&#8221; border_color=&#8221;#ffffff&#8221; border_style=&#8221;solid&#8221; disabled=&#8221;off&#8221; saved_tabs=&#8221;all&#8221; custom_margin=&#8221;||0px|&#8221;]<\/p>\n<p>[\/et_pb_blurb][et_pb_blurb admin_label=&#8221;Szlifowanie&#8221; title=&#8221;Szlifowanie&#8221; url_new_window=&#8221;off&#8221; use_icon=&#8221;on&#8221; font_icon=&#8221;%%45%%&#8221; icon_color=&#8221;#4cb7ff&#8221; use_circle=&#8221;off&#8221; circle_color=&#8221;#7EBEC5&#8243; use_circle_border=&#8221;off&#8221; circle_border_color=&#8221;#7EBEC5&#8243; image=&#8221;https:\/\/rr-szklo.pl\/wp-content\/uploads\/2017\/02\/yoga-1.png&#8221; icon_placement=&#8221;left&#8221; animation=&#8221;top&#8221; background_layout=&#8221;light&#8221; text_orientation=&#8221;center&#8221; use_icon_font_size=&#8221;on&#8221; icon_font_size=&#8221;45px&#8221; module_class=&#8221;myblurb&#8221; header_text_color=&#8221;#4cb7ff&#8221; background_color=&#8221;#ffffff&#8221; use_border_color=&#8221;on&#8221; border_color=&#8221;#ffffff&#8221; border_style=&#8221;solid&#8221; disabled=&#8221;off&#8221; saved_tabs=&#8221;all&#8221; custom_margin=&#8221;||0px|&#8221;]<\/p>\n<p>[\/et_pb_blurb][et_pb_blurb admin_label=&#8221;Fazowanie&#8221; title=&#8221;Fazowanie&#8221; url_new_window=&#8221;off&#8221; use_icon=&#8221;on&#8221; font_icon=&#8221;%%45%%&#8221; icon_color=&#8221;#4cb7ff&#8221; use_circle=&#8221;off&#8221; circle_color=&#8221;#7EBEC5&#8243; use_circle_border=&#8221;off&#8221; circle_border_color=&#8221;#7EBEC5&#8243; image=&#8221;https:\/\/rr-szklo.pl\/wp-content\/uploads\/2017\/02\/yoga-1.png&#8221; icon_placement=&#8221;left&#8221; animation=&#8221;top&#8221; background_layout=&#8221;light&#8221; text_orientation=&#8221;center&#8221; use_icon_font_size=&#8221;on&#8221; icon_font_size=&#8221;45px&#8221; module_class=&#8221;myblurb&#8221; header_text_color=&#8221;#4cb7ff&#8221; background_color=&#8221;#ffffff&#8221; use_border_color=&#8221;on&#8221; border_color=&#8221;#ffffff&#8221; border_style=&#8221;solid&#8221; disabled=&#8221;off&#8221; saved_tabs=&#8221;all&#8221; custom_margin=&#8221;||0px|&#8221;]<\/p>\n<p>[\/et_pb_blurb][et_pb_blurb admin_label=&#8221;Piaskowanie&#8221; title=&#8221;Piaskowanie&#8221; url_new_window=&#8221;off&#8221; use_icon=&#8221;on&#8221; font_icon=&#8221;%%45%%&#8221; icon_color=&#8221;#4cb7ff&#8221; use_circle=&#8221;off&#8221; circle_color=&#8221;#7EBEC5&#8243; use_circle_border=&#8221;off&#8221; circle_border_color=&#8221;#7EBEC5&#8243; image=&#8221;https:\/\/rr-szklo.pl\/wp-content\/uploads\/2017\/02\/yoga-1.png&#8221; icon_placement=&#8221;left&#8221; animation=&#8221;top&#8221; background_layout=&#8221;light&#8221; text_orientation=&#8221;center&#8221; use_icon_font_size=&#8221;on&#8221; icon_font_size=&#8221;45px&#8221; module_class=&#8221;myblurb&#8221; header_text_color=&#8221;#4cb7ff&#8221; background_color=&#8221;#ffffff&#8221; use_border_color=&#8221;on&#8221; border_color=&#8221;#ffffff&#8221; border_style=&#8221;solid&#8221; disabled=&#8221;off&#8221; saved_tabs=&#8221;all&#8221; custom_margin=&#8221;||0px|&#8221;]<\/p>\n<p>[\/et_pb_blurb][et_pb_blurb admin_label=&#8221;Hartowanie&#8221; title=&#8221;Hartowanie&#8221; url_new_window=&#8221;off&#8221; use_icon=&#8221;on&#8221; font_icon=&#8221;%%45%%&#8221; icon_color=&#8221;#4cb7ff&#8221; use_circle=&#8221;off&#8221; circle_color=&#8221;#7EBEC5&#8243; use_circle_border=&#8221;off&#8221; circle_border_color=&#8221;#7EBEC5&#8243; image=&#8221;https:\/\/rr-szklo.pl\/wp-content\/uploads\/2017\/02\/yoga-1.png&#8221; icon_placement=&#8221;left&#8221; animation=&#8221;top&#8221; background_layout=&#8221;light&#8221; text_orientation=&#8221;center&#8221; use_icon_font_size=&#8221;on&#8221; icon_font_size=&#8221;45px&#8221; module_class=&#8221;myblurb&#8221; header_text_color=&#8221;#4cb7ff&#8221; background_color=&#8221;#ffffff&#8221; use_border_color=&#8221;on&#8221; border_color=&#8221;#ffffff&#8221; border_style=&#8221;solid&#8221; disabled=&#8221;off&#8221; saved_tabs=&#8221;all&#8221; custom_margin=&#8221;||0px|&#8221;]<\/p>\n<p>[\/et_pb_blurb][et_pb_blurb admin_label=&#8221;Wiercenie&#8221; title=&#8221;Wiercenie&#8221; url_new_window=&#8221;off&#8221; use_icon=&#8221;on&#8221; font_icon=&#8221;%%45%%&#8221; icon_color=&#8221;#4cb7ff&#8221; use_circle=&#8221;off&#8221; circle_color=&#8221;#7EBEC5&#8243; use_circle_border=&#8221;off&#8221; circle_border_color=&#8221;#7EBEC5&#8243; image=&#8221;https:\/\/rr-szklo.pl\/wp-content\/uploads\/2017\/02\/yoga-1.png&#8221; icon_placement=&#8221;left&#8221; animation=&#8221;top&#8221; background_layout=&#8221;light&#8221; text_orientation=&#8221;center&#8221; use_icon_font_size=&#8221;on&#8221; icon_font_size=&#8221;45px&#8221; module_class=&#8221;myblurb&#8221; header_text_color=&#8221;#4cb7ff&#8221; background_color=&#8221;#ffffff&#8221; use_border_color=&#8221;on&#8221; border_color=&#8221;#ffffff&#8221; border_style=&#8221;solid&#8221; disabled=&#8221;off&#8221; saved_tabs=&#8221;all&#8221; custom_margin=&#8221;||0px|&#8221;]<\/p>\n<p>[\/et_pb_blurb][et_pb_blurb admin_label=&#8221;Kabiny prysznicowe&#8221; title=&#8221;Kabiny prysznicowe&#8221; url_new_window=&#8221;off&#8221; use_icon=&#8221;on&#8221; font_icon=&#8221;%%45%%&#8221; icon_color=&#8221;#4cb7ff&#8221; use_circle=&#8221;off&#8221; circle_color=&#8221;#7EBEC5&#8243; use_circle_border=&#8221;off&#8221; circle_border_color=&#8221;#7EBEC5&#8243; image=&#8221;https:\/\/rr-szklo.pl\/wp-content\/uploads\/2017\/02\/yoga-1.png&#8221; icon_placement=&#8221;left&#8221; animation=&#8221;top&#8221; background_layout=&#8221;light&#8221; text_orientation=&#8221;center&#8221; use_icon_font_size=&#8221;on&#8221; icon_font_size=&#8221;45px&#8221; module_class=&#8221;myblurb&#8221; header_text_color=&#8221;#4cb7ff&#8221; background_color=&#8221;#ffffff&#8221; use_border_color=&#8221;on&#8221; border_color=&#8221;#ffffff&#8221; border_style=&#8221;solid&#8221; disabled=&#8221;off&#8221; saved_tabs=&#8221;all&#8221; custom_margin=&#8221;||0px|&#8221;]<\/p>\n<p>[\/et_pb_blurb][et_pb_blurb admin_label=&#8221;Balustrady&#8221; title=&#8221;Balustrady&#8221; url_new_window=&#8221;off&#8221; use_icon=&#8221;on&#8221; font_icon=&#8221;%%45%%&#8221; icon_color=&#8221;#4cb7ff&#8221; use_circle=&#8221;off&#8221; circle_color=&#8221;#7EBEC5&#8243; use_circle_border=&#8221;off&#8221; circle_border_color=&#8221;#7EBEC5&#8243; image=&#8221;https:\/\/rr-szklo.pl\/wp-content\/uploads\/2017\/02\/yoga-1.png&#8221; icon_placement=&#8221;left&#8221; animation=&#8221;top&#8221; background_layout=&#8221;light&#8221; text_orientation=&#8221;center&#8221; use_icon_font_size=&#8221;on&#8221; icon_font_size=&#8221;45px&#8221; module_class=&#8221;myblurb&#8221; header_text_color=&#8221;#4cb7ff&#8221; background_color=&#8221;#ffffff&#8221; use_border_color=&#8221;on&#8221; border_color=&#8221;#ffffff&#8221; border_style=&#8221;solid&#8221; disabled=&#8221;off&#8221; saved_tabs=&#8221;all&#8221; custom_margin=&#8221;||0px|&#8221;]<\/p>\n<p>[\/et_pb_blurb][et_pb_blurb admin_label=&#8221;Daszki szklane&#8221; title=&#8221;Daszki szklane&#8221; url_new_window=&#8221;off&#8221; use_icon=&#8221;on&#8221; font_icon=&#8221;%%45%%&#8221; icon_color=&#8221;#4cb7ff&#8221; use_circle=&#8221;off&#8221; circle_color=&#8221;#7EBEC5&#8243; use_circle_border=&#8221;off&#8221; circle_border_color=&#8221;#7EBEC5&#8243; image=&#8221;https:\/\/rr-szklo.pl\/wp-content\/uploads\/2017\/02\/yoga-1.png&#8221; icon_placement=&#8221;left&#8221; animation=&#8221;top&#8221; background_layout=&#8221;light&#8221; text_orientation=&#8221;center&#8221; use_icon_font_size=&#8221;on&#8221; icon_font_size=&#8221;45px&#8221; module_class=&#8221;myblurb&#8221; header_text_color=&#8221;#4cb7ff&#8221; background_color=&#8221;#ffffff&#8221; use_border_color=&#8221;on&#8221; border_color=&#8221;#ffffff&#8221; border_style=&#8221;solid&#8221; disabled=&#8221;off&#8221; saved_tabs=&#8221;all&#8221; custom_margin=&#8221;||0px|&#8221;]<\/p>\n<p>[\/et_pb_blurb][et_pb_blurb admin_label=&#8221;Zabudowy szklane&#8221; title=&#8221;Zabudowy szklane&#8221; url_new_window=&#8221;off&#8221; use_icon=&#8221;on&#8221; font_icon=&#8221;%%45%%&#8221; icon_color=&#8221;#4cb7ff&#8221; use_circle=&#8221;off&#8221; circle_color=&#8221;#7EBEC5&#8243; use_circle_border=&#8221;off&#8221; circle_border_color=&#8221;#7EBEC5&#8243; image=&#8221;https:\/\/rr-szklo.pl\/wp-content\/uploads\/2017\/02\/yoga-1.png&#8221; icon_placement=&#8221;left&#8221; animation=&#8221;top&#8221; background_layout=&#8221;light&#8221; text_orientation=&#8221;center&#8221; use_icon_font_size=&#8221;on&#8221; icon_font_size=&#8221;45px&#8221; module_class=&#8221;myblurb&#8221; header_text_color=&#8221;#4cb7ff&#8221; background_color=&#8221;#ffffff&#8221; use_border_color=&#8221;on&#8221; border_color=&#8221;#ffffff&#8221; border_style=&#8221;solid&#8221; disabled=&#8221;off&#8221; saved_tabs=&#8221;all&#8221; custom_margin=&#8221;||0px|&#8221;]<\/p>\n<p>[\/et_pb_blurb][et_pb_blurb admin_label=&#8221;Drzwi szklane&#8221; title=&#8221;Drzwi szklane&#8221; url_new_window=&#8221;off&#8221; use_icon=&#8221;on&#8221; font_icon=&#8221;%%45%%&#8221; icon_color=&#8221;#4cb7ff&#8221; use_circle=&#8221;off&#8221; circle_color=&#8221;#7EBEC5&#8243; use_circle_border=&#8221;off&#8221; circle_border_color=&#8221;#7EBEC5&#8243; image=&#8221;https:\/\/rr-szklo.pl\/wp-content\/uploads\/2017\/02\/yoga-1.png&#8221; icon_placement=&#8221;left&#8221; animation=&#8221;top&#8221; background_layout=&#8221;light&#8221; text_orientation=&#8221;center&#8221; use_icon_font_size=&#8221;on&#8221; icon_font_size=&#8221;45px&#8221; module_class=&#8221;myblurb&#8221; header_text_color=&#8221;#4cb7ff&#8221; background_color=&#8221;#ffffff&#8221; use_border_color=&#8221;on&#8221; border_color=&#8221;#ffffff&#8221; border_style=&#8221;solid&#8221; disabled=&#8221;off&#8221; saved_tabs=&#8221;all&#8221; custom_margin=&#8221;||0px|&#8221;]<\/p>\n<p>[\/et_pb_blurb][et_pb_blurb admin_label=&#8221;Szyby zespolone&#8221; title=&#8221;Szyby zespolone&#8221; url_new_window=&#8221;off&#8221; use_icon=&#8221;on&#8221; font_icon=&#8221;%%45%%&#8221; icon_color=&#8221;#4cb7ff&#8221; use_circle=&#8221;off&#8221; circle_color=&#8221;#7EBEC5&#8243; use_circle_border=&#8221;off&#8221; circle_border_color=&#8221;#7EBEC5&#8243; image=&#8221;https:\/\/rr-szklo.pl\/wp-content\/uploads\/2017\/02\/yoga-1.png&#8221; icon_placement=&#8221;left&#8221; animation=&#8221;top&#8221; background_layout=&#8221;light&#8221; text_orientation=&#8221;center&#8221; use_icon_font_size=&#8221;on&#8221; icon_font_size=&#8221;45px&#8221; module_class=&#8221;myblurb&#8221; header_text_color=&#8221;#4cb7ff&#8221; background_color=&#8221;#ffffff&#8221; use_border_color=&#8221;on&#8221; border_color=&#8221;#ffffff&#8221; border_style=&#8221;solid&#8221; disabled=&#8221;off&#8221; saved_tabs=&#8221;all&#8221; custom_margin=&#8221;||0px|&#8221;]<\/p>\n<p>[\/et_pb_blurb][\/et_pb_column][\/et_pb_row][\/et_pb_section]<\/p>\n","protected":false},"excerpt":{"rendered":"<p>OFERTA Rodzaje Szk\u0142a Wykonujemy<\/p>\n","protected":false},"author":1,"featured_media":0,"parent":0,"menu_order":0,"comment_status":"closed","ping_status":"closed","template":"","meta":{"_et_pb_use_builder":"on","_et_pb_old_content":"","_et_gb_content_width":"","footnotes":""},"class_list":["post-118366","page","type-page","status-publish","hentry"],"_links":{"self":[{"href":"https:\/\/rr-szklo.pl\/index.php\/wp-json\/wp\/v2\/pages\/118366"}],"collection":[{"href":"https:\/\/rr-szklo.pl\/index.php\/wp-json\/wp\/v2\/pages"}],"about":[{"href":"https:\/\/rr-szklo.pl\/index.php\/wp-json\/wp\/v2\/types\/page"}],"author":[{"embeddable":true,"href":"https:\/\/rr-szklo.pl\/index.php\/wp-json\/wp\/v2\/users\/1"}],"replies":[{"embeddable":true,"href":"https:\/\/rr-szklo.pl\/index.php\/wp-json\/wp\/v2\/comments?post=118366"}],"version-history":[{"count":0,"href":"https:\/\/rr-szklo.pl\/index.php\/wp-json\/wp\/v2\/pages\/118366\/revisions"}],"wp:attachment":[{"href":"https:\/\/rr-szklo.pl\/index.php\/wp-json\/wp\/v2\/media?parent=118366"}],"curies":[{"name":"wp","href":"https:\/\/api.w.org\/{rel}","templated":true}]}}