{"id":118376,"date":"2017-02-21T12:54:17","date_gmt":"2017-02-21T11:54:17","guid":{"rendered":"https:\/\/rr-szklo.pl\/?page_id=118376"},"modified":"2019-05-20T16:19:01","modified_gmt":"2019-05-20T14:19:01","slug":"wspolpraca","status":"publish","type":"page","link":"https:\/\/rr-szklo.pl\/index.php\/wspolpraca\/","title":{"rendered":"WSP\u00d3\u0141PRACA"},"content":{"rendered":"<p>[et_pb_section fb_built=&#8221;1&#8243; inner_shadow=&#8221;on&#8221; custom_padding_last_edited=&#8221;on|desktop&#8221; admin_label=&#8221;section&#8221; _builder_version=&#8221;3.0.74&#8243; background_color=&#8221;#ff007f&#8221; background_image=&#8221;https:\/\/rr-szklo.pl\/wp-content\/uploads\/2017\/02\/abstract-1852931_1920.jpg&#8221; custom_padding=&#8221;|||&#8221; custom_padding_tablet=&#8221;50px|0|50px|0&#8243; custom_css_after=&#8221;background-color: rgba(0,0,0,0.5);||content: %22%22;||top: 0;||left: 0;||bottom: 0;||right: 0;||position: absolute;||z-index: 1;&#8221; transparent_background=&#8221;off&#8221; padding_mobile=&#8221;off&#8221;][et_pb_row padding_mobile=&#8221;off&#8221; column_padding_mobile=&#8221;on&#8221; admin_label=&#8221;row&#8221; _builder_version=&#8221;3.0.48&#8243; background_size=&#8221;initial&#8221; background_position=&#8221;top_left&#8221; background_repeat=&#8221;repeat&#8221; custom_css_main_element=&#8221;z-index: 2;||position: relative;&#8221;][et_pb_column type=&#8221;4_4&#8243; _builder_version=&#8221;3.0.47&#8243; column_padding_mobile=&#8221;on&#8221; parallax=&#8221;off&#8221; parallax_method=&#8221;on&#8221;][et_pb_text admin_label=&#8221;Text&#8221; _builder_version=&#8221;3.0.87&#8243; text_font=&#8221;Open Sans|on||on|&#8221; text_font_size=&#8221;30&#8243; header_font=&#8221;Open Sans|on||on|&#8221; header_font_size=&#8221;40px&#8221; background_size=&#8221;initial&#8221; background_position=&#8221;top_left&#8221; background_repeat=&#8221;repeat&#8221; text_orientation=&#8221;center&#8221; background_layout=&#8221;dark&#8221; module_alignment=&#8221;center&#8221; use_border_color=&#8221;off&#8221; border_color=&#8221;#ffffff&#8221; border_style=&#8221;solid&#8221;]<\/p>\n<h1>WSP\u00d3\u0141PRACA<\/h1>\n<p>[\/et_pb_text][\/et_pb_column][\/et_pb_row][\/et_pb_section][et_pb_section fb_built=&#8221;1&#8243; inner_shadow=&#8221;on&#8221; custom_padding_last_edited=&#8221;on|desktop&#8221; admin_label=&#8221;section&#8221; _builder_version=&#8221;3.0.74&#8243; background_color=&#8221;rgba(255,255,255,0)&#8221; custom_padding=&#8221;|||&#8221; custom_padding_tablet=&#8221;50px|0|50px|0&#8243; transparent_background=&#8221;on&#8221; padding_mobile=&#8221;off&#8221;][et_pb_row padding_mobile=&#8221;off&#8221; column_padding_mobile=&#8221;on&#8221; admin_label=&#8221;row&#8221; _builder_version=&#8221;3.0.48&#8243; background_size=&#8221;initial&#8221; background_position=&#8221;top_left&#8221; background_repeat=&#8221;repeat&#8221;][et_pb_column type=&#8221;1_3&#8243; _builder_version=&#8221;3.0.47&#8243; column_padding_mobile=&#8221;on&#8221; parallax=&#8221;off&#8221; parallax_method=&#8221;on&#8221;][et_pb_image src=&#8221;https:\/\/rr-szklo.pl\/wp-content\/uploads\/2017\/02\/032.jpg&#8221; admin_label=&#8221;Obraz&#8221; _builder_version=&#8221;3.0.87&#8243; animation_style=&#8221;slide&#8221; animation_direction=&#8221;left&#8221; animation_duration=&#8221;500ms&#8221; animation_intensity_slide=&#8221;10%&#8221; use_border_color=&#8221;off&#8221; border_color=&#8221;#ffffff&#8221; border_style=&#8221;solid&#8221; animation=&#8221;left&#8221; sticky=&#8221;off&#8221;][\/et_pb_image][\/et_pb_column][et_pb_column type=&#8221;2_3&#8243; _builder_version=&#8221;3.0.47&#8243; column_padding_mobile=&#8221;on&#8221; parallax=&#8221;off&#8221; parallax_method=&#8221;on&#8221;][et_pb_text admin_label=&#8221;Text&#8221; _builder_version=&#8221;3.0.87&#8243; header_font=&#8221;|on|||&#8221; background_size=&#8221;initial&#8221; background_position=&#8221;top_left&#8221; background_repeat=&#8221;repeat&#8221; use_border_color=&#8221;off&#8221; border_color=&#8221;#ffffff&#8221; border_style=&#8221;solid&#8221;]<\/p>\n<h1>Zak\u0142ady stolarskie<\/h1>\n<p>[\/et_pb_text][\/et_pb_column][\/et_pb_row][et_pb_row admin_label=&#8221;Wiersz&#8221; _builder_version=&#8221;3.0.48&#8243; background_size=&#8221;initial&#8221; background_position=&#8221;top_left&#8221; background_repeat=&#8221;repeat&#8221;][et_pb_column type=&#8221;1_3&#8243; _builder_version=&#8221;3.0.47&#8243; parallax=&#8221;off&#8221; parallax_method=&#8221;on&#8221;][et_pb_image src=&#8221;https:\/\/rr-szklo.pl\/wp-content\/uploads\/2017\/02\/023.jpg&#8221; admin_label=&#8221;Obraz&#8221; _builder_version=&#8221;3.0.87&#8243; animation_style=&#8221;slide&#8221; animation_direction=&#8221;left&#8221; animation_duration=&#8221;500ms&#8221; animation_intensity_slide=&#8221;10%&#8221; use_border_color=&#8221;off&#8221; border_color=&#8221;#ffffff&#8221; border_style=&#8221;solid&#8221; animation=&#8221;left&#8221; sticky=&#8221;off&#8221;][\/et_pb_image][\/et_pb_column][et_pb_column type=&#8221;2_3&#8243; _builder_version=&#8221;3.0.47&#8243; parallax=&#8221;off&#8221; parallax_method=&#8221;on&#8221;][et_pb_text admin_label=&#8221;Text&#8221; _builder_version=&#8221;3.0.87&#8243; header_font=&#8221;|on|||&#8221; background_size=&#8221;initial&#8221; background_position=&#8221;top_left&#8221; background_repeat=&#8221;repeat&#8221; use_border_color=&#8221;off&#8221; border_color=&#8221;#ffffff&#8221; border_style=&#8221;solid&#8221;]<\/p>\n<h1>Architekci<\/h1>\n<p>[\/et_pb_text][\/et_pb_column][\/et_pb_row][et_pb_row admin_label=&#8221;Wiersz&#8221; _builder_version=&#8221;3.0.48&#8243; background_size=&#8221;initial&#8221; background_position=&#8221;top_left&#8221; background_repeat=&#8221;repeat&#8221;][et_pb_column type=&#8221;1_3&#8243; _builder_version=&#8221;3.0.47&#8243; parallax=&#8221;off&#8221; parallax_method=&#8221;on&#8221;][et_pb_image src=&#8221;https:\/\/rr-szklo.pl\/wp-content\/uploads\/2017\/02\/016.jpg&#8221; admin_label=&#8221;Obraz&#8221; _builder_version=&#8221;3.0.87&#8243; animation_style=&#8221;slide&#8221; animation_direction=&#8221;left&#8221; animation_duration=&#8221;500ms&#8221; animation_intensity_slide=&#8221;10%&#8221; use_border_color=&#8221;off&#8221; border_color=&#8221;#ffffff&#8221; border_style=&#8221;solid&#8221; animation=&#8221;left&#8221; sticky=&#8221;off&#8221;][\/et_pb_image][\/et_pb_column][et_pb_column type=&#8221;2_3&#8243; _builder_version=&#8221;3.0.47&#8243; parallax=&#8221;off&#8221; parallax_method=&#8221;on&#8221;][et_pb_text admin_label=&#8221;Text&#8221; _builder_version=&#8221;3.0.87&#8243; header_font=&#8221;|on|||&#8221; background_size=&#8221;initial&#8221; background_position=&#8221;top_left&#8221; background_repeat=&#8221;repeat&#8221; use_border_color=&#8221;off&#8221; border_color=&#8221;#ffffff&#8221; border_style=&#8221;solid&#8221;]<\/p>\n<h1>Firmy meblowe<\/h1>\n<p>[\/et_pb_text][\/et_pb_column][\/et_pb_row][et_pb_row _builder_version=&#8221;3.14&#8243;][et_pb_column type=&#8221;4_4&#8243; _builder_version=&#8221;3.14&#8243; parallax=&#8221;off&#8221; parallax_method=&#8221;on&#8221;][et_pb_text _builder_version=&#8221;3.14&#8243;]<\/p>\n<h1 style=\"text-align: center;\"><strong>Wsp\u00f3\u0142pracujemy z firm\u0105 projektuj\u0105c\u0105 wn\u0119trza.<\/strong><\/h1>\n<p>[\/et_pb_text][\/et_pb_column][\/et_pb_row][\/et_pb_section]<\/p>\n","protected":false},"excerpt":{"rendered":"<p>WSP\u00d3\u0141PRACA Zak\u0142ady stolarskie Architekci Firmy meblowe Wsp\u00f3\u0142pracujemy z firm\u0105 projektuj\u0105c\u0105 wn\u0119trza.<\/p>\n","protected":false},"author":1,"featured_media":0,"parent":0,"menu_order":0,"comment_status":"closed","ping_status":"closed","template":"","meta":{"_et_pb_use_builder":"on","_et_pb_old_content":"","_et_gb_content_width":"","footnotes":""},"class_list":["post-118376","page","type-page","status-publish","hentry"],"_links":{"self":[{"href":"https:\/\/rr-szklo.pl\/index.php\/wp-json\/wp\/v2\/pages\/118376"}],"collection":[{"href":"https:\/\/rr-szklo.pl\/index.php\/wp-json\/wp\/v2\/pages"}],"about":[{"href":"https:\/\/rr-szklo.pl\/index.php\/wp-json\/wp\/v2\/types\/page"}],"author":[{"embeddable":true,"href":"https:\/\/rr-szklo.pl\/index.php\/wp-json\/wp\/v2\/users\/1"}],"replies":[{"embeddable":true,"href":"https:\/\/rr-szklo.pl\/index.php\/wp-json\/wp\/v2\/comments?post=118376"}],"version-history":[{"count":0,"href":"https:\/\/rr-szklo.pl\/index.php\/wp-json\/wp\/v2\/pages\/118376\/revisions"}],"wp:attachment":[{"href":"https:\/\/rr-szklo.pl\/index.php\/wp-json\/wp\/v2\/media?parent=118376"}],"curies":[{"name":"wp","href":"https:\/\/api.w.org\/{rel}","templated":true}]}}